{"id":2138,"date":"2016-09-16T10:18:51","date_gmt":"2016-09-16T09:18:51","guid":{"rendered":"http:\/\/www.s75.fr\/news\/?page_id=2138"},"modified":"2025-02-12T09:52:22","modified_gmt":"2025-02-12T08:52:22","slug":"clients","status":"publish","type":"page","link":"https:\/\/s75.fr\/news\/clients\/","title":{"rendered":"Clients"},"content":{"rendered":"<p>Balenciaga, Body Minute, Bouchra Jarrar, Brooklyn Museum, C\u00e9line, Chlo\u00e9, Denver Art Museum, Dior, Dallas Museum of Art, Kenzo, Kunstmuseum, Lanvin, Madame Figaro, Mus\u00e9e Christian Dior Granville, M7 Doha (Qatar Museums), Officine G\u00e9n\u00e9rale, Paule Ka, Les Rencontres d&rsquo;Arles, Repetto, Rochas, Thom Browne, Yves Saint Laurent, V&amp;A Londres<\/p>\n","protected":false},"excerpt":{"rendered":"<p>Balenciaga, Body Minute, Bouchra Jarrar, Brooklyn Museum, C\u00e9line, Chlo\u00e9, Denver Art Museum, Dior, Dallas Museum of Art, Kenzo, Kunstmuseum, Lanvin, Madame Figaro, Mus\u00e9e Christian Dior Granville, M7 Doha (Qatar Museums), Officine G\u00e9n\u00e9rale, Paule Ka, Les Rencontres d&rsquo;Arles, Repetto, Rochas, Thom Browne, Yves Saint Laurent, V&amp;A Londres<\/p>\n","protected":false},"author":2,"featured_media":0,"parent":0,"menu_order":0,"comment_status":"closed","ping_status":"closed","template":"clients.php","meta":{"footnotes":""},"class_list":["post-2138","page","type-page","status-publish","hentry"],"_links":{"self":[{"href":"https:\/\/s75.fr\/news\/wp-json\/wp\/v2\/pages\/2138","targetHints":{"allow":["GET"]}}],"collection":[{"href":"https:\/\/s75.fr\/news\/wp-json\/wp\/v2\/pages"}],"about":[{"href":"https:\/\/s75.fr\/news\/wp-json\/wp\/v2\/types\/page"}],"author":[{"embeddable":true,"href":"https:\/\/s75.fr\/news\/wp-json\/wp\/v2\/users\/2"}],"replies":[{"embeddable":true,"href":"https:\/\/s75.fr\/news\/wp-json\/wp\/v2\/comments?post=2138"}],"version-history":[{"count":17,"href":"https:\/\/s75.fr\/news\/wp-json\/wp\/v2\/pages\/2138\/revisions"}],"predecessor-version":[{"id":2830,"href":"https:\/\/s75.fr\/news\/wp-json\/wp\/v2\/pages\/2138\/revisions\/2830"}],"wp:attachment":[{"href":"https:\/\/s75.fr\/news\/wp-json\/wp\/v2\/media?parent=2138"}],"curies":[{"name":"wp","href":"https:\/\/api.w.org\/{rel}","templated":true}]}}