{"id":2130,"date":"2016-09-14T16:13:51","date_gmt":"2016-09-14T15:13:51","guid":{"rendered":"http:\/\/www.s75.fr\/news\/?page_id=2130"},"modified":"2020-03-06T16:45:07","modified_gmt":"2020-03-06T15:45:07","slug":"agence","status":"publish","type":"page","link":"https:\/\/s75.fr\/news\/agence\/","title":{"rendered":"UNE AGENCE D\u00c9DI\u00c9E \u00c0 LA CULTURE DE MARQUE<br> DE LA CONCEPTION \u00c0 LA R\u00c9ALISATION"},"content":{"rendered":"<h3 class=\"ancre\" style=\"text-align: right;\">Insiders Mode\/ Beaut\u00e9\/ Culture\/ Design<\/h3>\n<p>Direction Artistique<br \/>\nConseil en Contenu de Marque<br \/>\nCampagnes et Films Publicitaires<br \/>\nProduction Photo et Vid\u00e9o<\/p>\n<p style=\"text-align: right; display: block;\">Web &amp; E-Commerce<br \/>\nCollaborations artistiques<br \/>\nStorytelling<br \/>\nDocumentaires &amp; Web Documentaires<\/p>\n<h2 class=\"ancre\" style=\"text-align: center;\">UNE STRAT\u00c9GIE PATRIMONIALE<\/h2>\n<p style=\"text-align: center;\">Le patrimoine est devenu un enjeu industriel au c\u0153ur de la strat\u00e9gie de d\u00e9veloppement des marques de mode et de luxe.<br \/>\nL\u2019h\u00e9ritage d\u2019une marque n\u00e9cessite de r\u00e9concilier cr\u00e9ation et p\u00e9rennit\u00e9, mode et intemporalit\u00e9, culture et innovation.<br \/>\nImpliqu\u00e9 depuis 30 ans dans les industries cr\u00e9atives et le patrimoine des maisons, <strong>S\u00e9raphin Ducellier<\/strong><span id=\"seraphin\"><\/span> a envisag\u00e9 <strong>S75<\/strong> en structure de conseil et de production d\u00e9di\u00e9e \u00e0 la culture des marques.<br \/>\nUn accompagnement holistique, technique et stylistique engag\u00e9 autour de la<br \/>\ngrammaire des marques et de l&rsquo;architecture du v\u00eatement.<\/p>\n<h2 class=\"ancre\" style=\"text-align: center;\">SERAPHIN DUCELLIER<\/h2>\n<p>Apr\u00e8s quelques ann\u00e9es en presse \u00e9crite au sein de la r\u00e9daction du magazine Jardin des Modes o\u00f9 il signe textes et images, <strong>S\u00e9raphin Ducellier<\/strong> s\u2019est tourn\u00e9 d\u00e8s 1992 vers la t\u00e9l\u00e9vision et l\u2019audiovisuel.<br \/>\n8 ans de collaboration \u00e0 l\u2019\u00e9mission <strong>Paris-Modes de Paris Premi\u00e8re<\/strong>, l\u2019obtention de distinctions et de s\u00e9lections pour de grands \u00e9v\u00e8nements culturels (Avignon 2000 ou les rencontres d\u2019Arles) lui ont permis de t\u00e9moigner d\u2019une conscience pointue de la forme et du fond.<\/p>\n<p>&nbsp;<\/p>\n<p style=\"text-align: right;\">Balenciaga, Balmain, Dior, Christian Lacroix, Lanvin ou Yves Saint Laurent \u2026 autant de grands noms du luxe fran\u00e7ais et international avec qui il a instaur\u00e9 de longues collaborations depuis 1997.<\/p>\n<p style=\"text-align: left;\">Parall\u00e8lement, il signe en 2003 un documentaire sur l\u2019architecte Robert Mallet-Stevens pour France 5 et en 2005, pour Paris Premi\u00e8re, le portrait de Narcisso Rodriguez, cr\u00e9ateur New-yorkais.<\/p>\n<p style=\"text-align: right;\">Depuis 2010, au sein de S75, il a r\u00e9alis\u00e9, entre autres, les films publicitaires des parfums de la maison <strong>R\u00e9petto<\/strong>, mis en place une collaboration r\u00e9guli\u00e8re avec le designer am\u00e9ricain <strong>Thom Browne<\/strong>, photographi\u00e9 <strong>Isabelle Huppert<\/strong> en couverture de <strong>Madame Figaro<\/strong> et collabor\u00e9 \u00e0 de grandes expositions de mode au MAD de Paris, au Denver Art Museum ou encore au prestigieux V&amp;A de Londres.<\/p>\n<p>&nbsp;<\/p>\n<hr \/>\n<p>&nbsp;<\/p>\n<h3 id=\"version-en\" class=\"ancre\" style=\"text-align: right;\">AN AGENCY DEDICATED TO BRAND CULTURE<br \/>\nFROM DESIGN TO PRODUCTION<\/h3>\n<h3 style=\"text-align: center;\">Fashion Insiders\/ Beauty\/ Culture\/ Design<\/h3>\n<p>Brand content consulting<br \/>\nPromotional campaigns and films<br \/>\nPhoto and Video Production<br \/>\nArtistic collaborations<\/p>\n<p style=\"text-align: right;\">Web &amp; E-Commerce<br \/>\nArtistic Direction<br \/>\nStorytelling<br \/>\nDocumentaries &amp; Web Documentaries<\/p>\n<h2 class=\"ancre\" style=\"text-align: center;\">LEGACY-BASED STRATEGY<\/h2>\n<p style=\"text-align: center;\">Legacy has become a key industrial challenge for fashion and luxury brands looking to implement their development strategies.<br \/>\nA brand legacy must reconcile creativity and longevity, trends and timelessness, culture and innovation.<br \/>\nWith 30 years of experience in the creative industries and the field of legacy consulting for fashion and luxury houses, <strong>S\u00e9raphin Ducellier<\/strong> conceived <strong>S75<\/strong> as a consulting and production agency dedicated to brand culture.<br \/>\nS75 offers holistic guidance, at once technical and stylistic, with a focus on<br \/>\nbrand grammar and garment architecture.<\/p>\n<h2 class=\"ancre\" style=\"text-align: center;\">SERAPHIN DUCELLIER<\/h2>\n<p>After several years of print media experience, publishing articles and photographs as a member of the editorial staff of Jardin des Modes Magazine, <strong>S\u00e9raphin Ducellier<\/strong> moved into the television and audiovisual sector as of 1992.<br \/>\nEight years working on the television program <strong>Paris-Modes<\/strong> airing on <strong>Paris Premi\u00e8re<\/strong>, as well as numerous awards and invitations to contribute to major cultural events (Avignon 2000 and the Rencontres d\u2019Arles) led to his pronounced mastery of form and content.<\/p>\n<p style=\"text-align: right;\">Balenciaga, Balmain, Dior, Christian Lacroix, Lanvin, Yves Saint Laurent and others: all top names in the world of luxury with which he has developed longstanding professional relationships from 1997.<\/p>\n<p>In addition, he directed a documentary on architect Robert Mallet-Stevens for France 5, as well as a portrait of New York-based creator Narcisso Rodriguez for Paris Premi\u00e8re.<\/p>\n<p style=\"text-align: right;\">Since 2010, within S75, he has produced &amp; directed promotional films for <strong>R\u00e9petto<\/strong> perfumes, set up a regular collaboration with the american <strong>Thom Browne<\/strong>, photographed <strong>Isabelle Huppert<\/strong> for the cover of <strong>Madame Figaro<\/strong> and collaborated on major fashion exhibitions at MAD in Paris, Denver Art Museum or with the prestigious V&amp;A in London.<\/p>\n","protected":false},"excerpt":{"rendered":"<p>Insiders Mode\/ Beaut\u00e9\/ Culture\/ Design Direction Artistique Conseil en Contenu de Marque Campagnes et Films Publicitaires Production Photo et Vid\u00e9o Web &amp; E-Commerce Collaborations artistiques Storytelling Documentaires &amp; Web Documentaires UNE STRAT\u00c9GIE PATRIMONIALE Le patrimoine est devenu un enjeu industriel au c\u0153ur de la strat\u00e9gie de d\u00e9veloppement des marques de mode et de luxe. L\u2019h\u00e9ritage [&hellip;]<\/p>\n","protected":false},"author":2,"featured_media":0,"parent":0,"menu_order":0,"comment_status":"closed","ping_status":"closed","template":"agence-v2.php","meta":{"footnotes":""},"class_list":["post-2130","page","type-page","status-publish","hentry"],"_links":{"self":[{"href":"https:\/\/s75.fr\/news\/wp-json\/wp\/v2\/pages\/2130","targetHints":{"allow":["GET"]}}],"collection":[{"href":"https:\/\/s75.fr\/news\/wp-json\/wp\/v2\/pages"}],"about":[{"href":"https:\/\/s75.fr\/news\/wp-json\/wp\/v2\/types\/page"}],"author":[{"embeddable":true,"href":"https:\/\/s75.fr\/news\/wp-json\/wp\/v2\/users\/2"}],"replies":[{"embeddable":true,"href":"https:\/\/s75.fr\/news\/wp-json\/wp\/v2\/comments?post=2130"}],"version-history":[{"count":32,"href":"https:\/\/s75.fr\/news\/wp-json\/wp\/v2\/pages\/2130\/revisions"}],"predecessor-version":[{"id":2203,"href":"https:\/\/s75.fr\/news\/wp-json\/wp\/v2\/pages\/2130\/revisions\/2203"}],"wp:attachment":[{"href":"https:\/\/s75.fr\/news\/wp-json\/wp\/v2\/media?parent=2130"}],"curies":[{"name":"wp","href":"https:\/\/api.w.org\/{rel}","templated":true}]}}